{"id":654,"date":"2025-10-08T14:01:23","date_gmt":"2025-10-08T14:01:23","guid":{"rendered":"https:\/\/cedicentre.org\/?page_id=654"},"modified":"2025-10-08T14:01:23","modified_gmt":"2025-10-08T14:01:23","slug":"call-for-applications-office-supplies-company-in-the-framework-of-the-project-legal-education-for-decent-youth-employment","status":"publish","type":"page","link":"https:\/\/cedicentre.org\/?page_id=654","title":{"rendered":"CALL FOR APPLICATIONS: OFFICE SUPPLIES COMPANY IN THE FRAMEWORK OF THE PROJECT \u201cLEGAL EDUCATION FOR DECENT YOUTH EMPLOYMENT\u201d"},"content":{"rendered":"<p>[et_pb_section fb_built=&#8221;1&#8243; _builder_version=&#8221;4.24.0&#8243; _module_preset=&#8221;default&#8221; global_colors_info=&#8221;{}&#8221; theme_builder_area=&#8221;post_content&#8221;][et_pb_row _builder_version=&#8221;4.24.0&#8243; _module_preset=&#8221;default&#8221; min_height=&#8221;1973.3px&#8221; global_colors_info=&#8221;{}&#8221; theme_builder_area=&#8221;post_content&#8221;][et_pb_column type=&#8221;4_4&#8243; _builder_version=&#8221;4.24.0&#8243; _module_preset=&#8221;default&#8221; global_colors_info=&#8221;{}&#8221; theme_builder_area=&#8221;post_content&#8221;][et_pb_image src=&#8221;https:\/\/cedicentre.org\/wp-content\/uploads\/2024\/10\/credi.png&#8221; title_text=&#8221;credi&#8221; _builder_version=&#8221;4.24.0&#8243; _module_preset=&#8221;default&#8221; max_width=&#8221;14%&#8221; global_colors_info=&#8221;{}&#8221; theme_builder_area=&#8221;post_content&#8221;][\/et_pb_image][et_pb_text _builder_version=&#8221;4.24.0&#8243; _module_preset=&#8221;default&#8221; custom_margin=&#8221;-30px|||||&#8221; global_colors_info=&#8221;{}&#8221; theme_builder_area=&#8221;post_content&#8221;]<\/p>\n<p><strong>\u00a0<\/strong><\/p>\n<p><strong>CALL FOR APPLICATIONS: OFFICE SUPPLIES COMPANY IN THE FRAMEWORK OF THE PROJECT \u201cLEGAL EDUCATION FOR DECENT YOUTH EMPLOYMENT\u201d<\/strong><\/p>\n<p>&nbsp;<\/p>\n<p>Opening date of the call: September 17, 2025<br \/>Title: Office Supplies Company<br \/>Location: Tirana<br \/>Contract start date: October 3, 2025<br \/>Contract end date: August 4, 2026<\/p>\n<p>&nbsp;<\/p>\n<p><strong>Description<\/strong><\/p>\n<p>Young people aged 15\u201329 in Albania represent 18.9% of the population, a concerning indicator that remains high despite the overall decline in unemployment in the country, currently at 9.4%. This high level of youth unemployment reflects structural challenges in the labor market, including the mismatch between young people\u2019s skills and the needs of the job market. A considerable number of young people are engaged in informal employment, while others have migrated, particularly those with higher qualifications. This phenomenon has contributed to a significant \u201cbrain drain,\u201d creating gaps in key sectors of the economy and negatively affecting the country\u2019s long-term development.<\/p>\n<p>&nbsp;<\/p>\n<p>For this reason, CEDI Center is implementing the project <em>\u201cLegal Education for Decent Youth Employment\u201d<\/em>, which aims to empower young people for active participation in the social and economic life of the country through legal education and the creation of a supportive environment for decent employment and integration into the labor market.<\/p>\n<p>Project activities include drafting and distributing an educational manual on labor rights, organizing a spring school to develop employability skills, as well as networking forums and job application training sessions.<\/p>\n<p>&nbsp;<\/p>\n<p><strong>Objective<\/strong><\/p>\n<p>CEDI Center is seeking the services of an Office Supplies Company that will be responsible for providing the following materials:<\/p>\n<p>&nbsp;<\/p>\n<ul>\n<li>Folders<\/li>\n<li>Notepads<\/li>\n<li>A4 paper<\/li>\n<li>Stickers<\/li>\n<li>Flipchart<\/li>\n<li>Markers<\/li>\n<li>Printer ink<\/li>\n<li>A4 envelopes<\/li>\n<\/ul>\n<p>&nbsp;<\/p>\n<p><strong>Eligibility Criteria<\/strong><\/p>\n<ul>\n<li>The company must be registered with fiscal authorities.<\/li>\n<li>Must have a valid NIPT (Tax Identification Number).<\/li>\n<li>Demonstrated stability in the market.<\/li>\n<li>Willingness to collaborate.<\/li>\n<\/ul>\n<p>All interested companies are invited to submit their financial offer and CV no later than October 1, 2025, via email at qendra.cedi@gmail.com<\/p>\n<p><strong>\u00a0<\/strong><\/p>\n<p><strong>***<\/strong><\/p>\n<p><strong>HAPET THIRRJA P\u00cbR NJ\u00cb KOMPANI KANCELARIE N\u00cb KUAD\u00cbR T\u00cb PROJEKTIT \u201cEDUKIMI LIGJOR P\u00cbR PUN\u00cbSIMIN E DENJ\u00cb T\u00cb RINIS\u00cb\u201d\u00a0 <\/strong><\/p>\n<p><strong>\u00a0<\/strong><\/p>\n<p><strong>Data e hapjes s\u00eb thirrjes:<\/strong> \u00a0\u00a0\u00a0\u00a0\u00a0\u00a0\u00a0\u00a0\u00a0\u00a0\u00a0\u00a0\u00a0\u00a0\u00a0 17 shtator 2025<\/p>\n<p><strong>Titulli:<\/strong>\u00a0\u00a0\u00a0\u00a0\u00a0\u00a0\u00a0\u00a0\u00a0\u00a0\u00a0\u00a0\u00a0\u00a0\u00a0\u00a0\u00a0\u00a0\u00a0\u00a0\u00a0\u00a0\u00a0\u00a0\u00a0\u00a0\u00a0\u00a0\u00a0\u00a0\u00a0\u00a0\u00a0\u00a0\u00a0\u00a0 \u00a0\u00a0\u00a0\u00a0\u00a0\u00a0\u00a0\u00a0\u00a0\u00a0\u00a0 Kompani Kancelarie<\/p>\n<p><strong>Vendndodhja:<\/strong> \u00a0\u00a0\u00a0\u00a0\u00a0\u00a0\u00a0\u00a0\u00a0\u00a0\u00a0\u00a0\u00a0\u00a0\u00a0\u00a0\u00a0\u00a0\u00a0\u00a0\u00a0\u00a0\u00a0\u00a0\u00a0\u00a0\u00a0\u00a0\u00a0\u00a0\u00a0\u00a0\u00a0\u00a0 Tiran\u00eb<\/p>\n<p><strong>Fillimi i kontrat\u00ebs:<\/strong>\u00a0\u00a0\u00a0 \u00a0\u00a0\u00a0\u00a0\u00a0\u00a0\u00a0\u00a0\u00a0\u00a0 \u00a0\u00a0\u00a0\u00a0\u00a0\u00a0\u00a0\u00a0\u00a0\u00a0\u00a0 3 tetor 2025<\/p>\n<p><strong>P\u00ebrfundimi i kontrat\u00ebs:<\/strong>\u00a0\u00a0\u00a0\u00a0\u00a0\u00a0\u00a0 \u00a0\u00a0\u00a0\u00a0\u00a0\u00a0\u00a0\u00a0\u00a0\u00a0\u00a0 4 gusht 2026<\/p>\n<p><strong>\u00a0<\/strong><\/p>\n<p><strong>P\u00ebrshkrimi <\/strong><\/p>\n<p>T\u00eb rinjt\u00eb e mosh\u00ebs 15-29 vje\u00e7 n\u00eb Shqip\u00ebri p\u00ebrb\u00ebjn\u00eb 18.9% t\u00eb popullsis\u00eb, nj\u00eb tregues shqet\u00ebsues q\u00eb mbetet i lart\u00eb, pavar\u00ebsisht r\u00ebnies s\u00eb p\u00ebrgjithshme t\u00eb papun\u00ebsis\u00eb n\u00eb vend, q\u00eb aktualisht \u00ebsht\u00eb 9.4%. Ky nivel i lart\u00eb papun\u00ebsie pasqyron sfidat strukturore n\u00eb tregun e pun\u00ebs, p\u00ebrfshir\u00eb munges\u00ebn e p\u00ebrputhshm\u00ebris\u00eb midis aft\u00ebsive t\u00eb rinjve dhe k\u00ebrkesave t\u00eb tregut t\u00eb pun\u00ebs. Nj\u00eb pjes\u00eb e konsiderueshme e t\u00eb rinjve jan\u00eb t\u00eb angazhuar n\u00eb pun\u00ebsim informal, dhe nj\u00eb pjes\u00eb kan\u00eb migruar, ve\u00e7an\u00ebrisht t\u00eb rinjve e kualifikuar. Ky fenomen ka kontribuar n\u00eb nj\u00eb &#8220;brain drain&#8221; t\u00eb ndjesh\u00ebm, duke krijuar boshll\u00ebqe n\u00eb sektor\u00eb ky\u00e7 t\u00eb ekonomis\u00eb dhe duke ndikuar negativisht n\u00eb zhvillimin afatgjat\u00eb t\u00eb vendit. P\u00ebr k\u00ebt\u00eb arsye, Qendra CEDI po zbaton projektin \u201cEdukimi ligjor p\u00ebr pun\u00ebsimin e denj\u00eb t\u00eb rinis\u00eb\u201d, synimi i t\u00eb cilit \u00ebsht\u00eb fuqizimi i t\u00eb rinjve p\u00ebr pjes\u00ebmarrje aktive n\u00eb jet\u00ebn sociale dhe ekonomike te vendit, p\u00ebrmes edukimit ligjor dhe krijimit t\u00eb nj\u00eb mjedisi mb\u00ebshtet\u00ebs p\u00ebr pun\u00ebsim t\u00eb denj\u00eb dhe integrim n\u00eb tregun e pun\u00ebs. Aktivitetet e k\u00ebtij projekti p\u00ebrfshijn\u00eb hartimin dhe shp\u00ebrndarjen e nj\u00eb manuali edukativ p\u00ebr t\u00eb drejtat e pun\u00ebs, organizimin e shkoll\u00ebs pranverore p\u00ebr zhvillimin e aft\u00ebsive t\u00eb nevojshme p\u00ebr pun\u00ebsim, si dhe forume rrjet\u00ebzimi dhe trajnime p\u00ebr aplikimin p\u00ebr pun\u00eb.<\/p>\n<p>&nbsp;<\/p>\n<p><strong>Objektivi <\/strong><\/p>\n<p>Qendra CEDI \u00ebsht\u00eb duke k\u00ebrkuar sh\u00ebrbimet e nj\u00eb kompanie kancelarie q\u00eb t\u00eb jet\u00eb p\u00ebrgjegj\u00ebse p\u00ebr pajisjen me materiale kancelarie t\u00eb tilla si:<\/p>\n<p>&nbsp;<\/p>\n<ul>\n<li>Dosje<\/li>\n<li>Blloqe<\/li>\n<li>Letra A4<\/li>\n<li>Stikera<\/li>\n<li>Flipcharter<\/li>\n<li>Marker<\/li>\n<li>Boje printeri<\/li>\n<li>Qese A4<\/li>\n<\/ul>\n<p>&nbsp;<\/p>\n<p><strong>Kriteret e nevojshme<\/strong><\/p>\n<ul>\n<li>Subjekti duhet t\u00eb jet\u00eb i regjistruar pran\u00eb autoriteteve fiskale;<\/li>\n<li>I pajisur me num\u00ebr NIPT-i;<\/li>\n<li>T\u00eb ket\u00eb qendrueshmeri ne treg;<\/li>\n<li>T\u00eb jet\u00eb bashk\u00ebpunes.<\/li>\n<\/ul>\n<p>T\u00eb gjith\u00eb t\u00eb interesuarit ftohen t\u00eb d\u00ebrgojn\u00eb ofert\u00ebn e tyre financiare dhe CV-t\u00eb deri m\u00eb 1 tetor 2025, n\u00ebpermjet post\u00ebs elektronike n\u00eb adres\u00ebn <a href=\"mailto:qendra.cedi@gmail.com\">qendra.cedi@gmail.com<\/a> <br \/>Vet\u00ebm kandidati i p\u00ebrzgjedhur do t\u00eb njoftohet p\u00ebr procedurat e m\u00ebtejshme.<\/p>\n<p>&nbsp;<\/p>\n<p>&nbsp;<\/p>\n<p>[\/et_pb_text][\/et_pb_column][\/et_pb_row][\/et_pb_section]<\/p>\n","protected":false},"excerpt":{"rendered":"<p>\u00a0 CALL FOR APPLICATIONS: OFFICE SUPPLIES COMPANY IN THE FRAMEWORK OF THE PROJECT \u201cLEGAL EDUCATION FOR DECENT YOUTH EMPLOYMENT\u201d &nbsp; Opening date of the call: September 17, 2025Title: Office Supplies CompanyLocation: TiranaContract start date: October 3, 2025Contract end date: August 4, 2026 &nbsp; Description Young people aged 15\u201329 in Albania represent 18.9% of the population, [&hellip;]<\/p>\n","protected":false},"author":2,"featured_media":0,"parent":0,"menu_order":0,"comment_status":"closed","ping_status":"closed","template":"","meta":{"_et_pb_use_builder":"on","_et_pb_old_content":"","_et_gb_content_width":"","footnotes":""},"dipi_cpt_category":[],"class_list":["post-654","page","type-page","status-publish","hentry"],"_links":{"self":[{"href":"https:\/\/cedicentre.org\/index.php?rest_route=\/wp\/v2\/pages\/654","targetHints":{"allow":["GET"]}}],"collection":[{"href":"https:\/\/cedicentre.org\/index.php?rest_route=\/wp\/v2\/pages"}],"about":[{"href":"https:\/\/cedicentre.org\/index.php?rest_route=\/wp\/v2\/types\/page"}],"author":[{"embeddable":true,"href":"https:\/\/cedicentre.org\/index.php?rest_route=\/wp\/v2\/users\/2"}],"replies":[{"embeddable":true,"href":"https:\/\/cedicentre.org\/index.php?rest_route=%2Fwp%2Fv2%2Fcomments&post=654"}],"version-history":[{"count":2,"href":"https:\/\/cedicentre.org\/index.php?rest_route=\/wp\/v2\/pages\/654\/revisions"}],"predecessor-version":[{"id":656,"href":"https:\/\/cedicentre.org\/index.php?rest_route=\/wp\/v2\/pages\/654\/revisions\/656"}],"wp:attachment":[{"href":"https:\/\/cedicentre.org\/index.php?rest_route=%2Fwp%2Fv2%2Fmedia&parent=654"}],"wp:term":[{"taxonomy":"dipi_cpt_category","embeddable":true,"href":"https:\/\/cedicentre.org\/index.php?rest_route=%2Fwp%2Fv2%2Fdipi_cpt_category&post=654"}],"curies":[{"name":"wp","href":"https:\/\/api.w.org\/{rel}","templated":true}]}}